{"id":211,"date":"2021-01-12T22:54:36","date_gmt":"2021-01-12T22:54:36","guid":{"rendered":"https:\/\/ludoklingnau.nexcon.ch\/?page_id=211"},"modified":"2024-10-14T14:49:00","modified_gmt":"2024-10-14T14:49:00","slug":"ueber-uns","status":"publish","type":"page","link":"https:\/\/ludo-klingnau.ch\/?page_id=211","title":{"rendered":"\u00dcBER UNS"},"content":{"rendered":"\r\n<div class=\"wp-block-columns is-layout-flex wp-container-core-columns-is-layout-1 wp-block-columns-is-layout-flex\">\r\n<div class=\"wp-block-column is-layout-flow wp-block-column-is-layout-flow\">\r\n<figure class=\"wp-block-image size-large\" style=\"padding-left: 40px;\"><img decoding=\"async\" class=\"wp-image-482\" src=\"https:\/\/www.ludo-klingnau.ch\/wp-content\/uploads\/2021\/04\/20210427_Mitarbeiterfoto.jpg-1024x768.png\" alt=\"\" \/><\/figure>\r\n\r\n\r\n\r\n<p><strong>\u00d6ffnungszeiten:<\/strong><\/p>\r\n\r\n\r\n\r\n<ul class=\"wp-block-list\">\r\n<li>Montag 17:00-19.00<\/li>\r\n\r\n\r\n\r\n<li>Mittwoch 10.00-11.30<\/li>\r\n\r\n\r\n\r\n<li>Samstag 10.00-11.30<\/li>\r\n<\/ul>\r\n<p>&nbsp;<\/p>\r\n\r\n\r\n\r\n<p><strong>Spezielle \u00d6ffnungszeiten:<\/strong><\/p>\r\n<ul>\r\n<li>In den <strong>Schulferien<\/strong> haben wir jeweils <strong>nur Montags ge\u00f6ffnet<\/strong>.<\/li>\r\n<li>W\u00e4hrend den <strong>Weihnachtsferien haben wir geschlossen<\/strong>.<\/li>\r\n<li>F\u00fcr alle Termine der n\u00e4chsten Schulferien siehe den <strong><a href=\"https:\/\/www.schule-koblenz.ch\/termine\/?pid=35\" target=\"_blank\" rel=\"noopener\">Ferienplan der Schulen Klingnau, Koblenz und D\u00f6ttingen<\/a><\/strong>.<\/li>\r\n<\/ul>\r\n<p>&nbsp;<\/p>\r\n\r\n\r\n\r\n<p><strong>Standort<\/strong>:<br \/>Schloss Klingnau<br \/>Dorfstrasse 1<br \/>5313 Klingnau<\/p>\r\n<\/div>\r\n<\/div>\r\n\r\n\r\n\r\n<figure class=\"wp-block-image size-large is-resized\"><img decoding=\"async\" class=\"wp-image-227\" style=\"width: 834px; height: 426px;\" src=\"https:\/\/www.ludo-klingnau.ch\/wp-content\/uploads\/2021\/01\/Standort.jpg\" alt=\"\" \/><\/figure>\r\n\r\n\r\n\r\n<div class=\"wp-block-columns is-layout-flex wp-container-core-columns-is-layout-2 wp-block-columns-is-layout-flex\">\r\n<div class=\"wp-block-column is-layout-flow wp-block-column-is-layout-flow\">\r\n<p>Wir sind ein gemeinn\u00fctziger Verein mit ehrenamtlichen Mitarbeitern, die sich bem\u00fchen euren Familien das ultimative Spielspass Erlebnis zu bieten.<\/p>\r\n\r\n\r\n\r\n<p><strong>Interessiert mitzumachen?<\/strong><br \/>Wir suchen immer wieder engagierte Mitarbeiter\/-innen, bitte meldet euch doch bei uns.<\/p>\r\n<\/div>\r\n\r\n\r\n\r\n<div class=\"wp-block-column is-layout-flow wp-block-column-is-layout-flow\">\r\n<p><strong>Kontakt:<\/strong> <br \/>info@ludo-klingnau.ch<br \/>076 494 53 13<\/p>\r\n\r\n\r\n\r\n<p><strong>Pr\u00e4sidentin:<\/strong><br \/>Corina Schleuniger<br \/>056\/245 15 58<\/p>\r\n\r\n\r\n\r\n<p><strong>Postadresse:<\/strong>\u00a0 <br \/>Verein Regionale Ludothek Klingnau\u00a0\u00a0<br \/>Corina Schleuniger \u00a0 <br \/>Sommerweg 14<br \/>5313 Klingnau<\/p>\r\n<\/div>\r\n<\/div>\r\n\r\n\r\n\r\n<p>Wir sind Mitglied des <strong><a href=\"https:\/\/www.ludo.ch\/de\">Vereins Schweizer Ludotheken<\/a><\/strong>.<br \/>Sie sind nicht von dieser Gegend? Kein Problem, <strong><a href=\"https:\/\/www.ludo.ch\/de\/ludotheken-verzeichnis\/\">hier<\/a><\/strong> finden Sie die Ludothek in Ihrer N\u00e4he.<\/p>\r\n\r\n\r\n\r\n<p><strong>Freunde in Klingnau<\/strong>:<\/p>\r\n\r\n\r\n\r\n<ul class=\"wp-block-list\">\r\n<li><strong><a href=\"https:\/\/www.frauenbund-klingnau.ch\">Frauenbund Klingnau<\/a><\/strong><\/li>\r\n\r\n\r\n\r\n<li><strong><a href=\"https:\/\/www.regionalbibliothek-klingnau.ch\">Regionalbibliothek Klingnau<\/a><\/strong><\/li>\r\n<\/ul>\r\n","protected":false},"excerpt":{"rendered":"<p>\u00d6ffnungszeiten: Spezielle \u00d6ffnungszeiten: In den Schulferien haben wir jeweils nur Montags ge\u00f6ffnet. W\u00e4hrend den Weihnachtsferien haben wir geschlossen. F\u00fcr alle Termine der n\u00e4chsten Schulferien siehe [&hellip;]<\/p>\n","protected":false},"author":2,"featured_media":435,"parent":0,"menu_order":0,"comment_status":"closed","ping_status":"closed","template":"","meta":{"footnotes":""},"class_list":["post-211","page","type-page","status-publish","has-post-thumbnail","hentry"],"_links":{"self":[{"href":"https:\/\/ludo-klingnau.ch\/index.php?rest_route=\/wp\/v2\/pages\/211","targetHints":{"allow":["GET"]}}],"collection":[{"href":"https:\/\/ludo-klingnau.ch\/index.php?rest_route=\/wp\/v2\/pages"}],"about":[{"href":"https:\/\/ludo-klingnau.ch\/index.php?rest_route=\/wp\/v2\/types\/page"}],"author":[{"embeddable":true,"href":"https:\/\/ludo-klingnau.ch\/index.php?rest_route=\/wp\/v2\/users\/2"}],"replies":[{"embeddable":true,"href":"https:\/\/ludo-klingnau.ch\/index.php?rest_route=%2Fwp%2Fv2%2Fcomments&post=211"}],"version-history":[{"count":6,"href":"https:\/\/ludo-klingnau.ch\/index.php?rest_route=\/wp\/v2\/pages\/211\/revisions"}],"predecessor-version":[{"id":1121,"href":"https:\/\/ludo-klingnau.ch\/index.php?rest_route=\/wp\/v2\/pages\/211\/revisions\/1121"}],"wp:featuredmedia":[{"embeddable":true,"href":"https:\/\/ludo-klingnau.ch\/index.php?rest_route=\/"}],"wp:attachment":[{"href":"https:\/\/ludo-klingnau.ch\/index.php?rest_route=%2Fwp%2Fv2%2Fmedia&parent=211"}],"curies":[{"name":"wp","href":"https:\/\/api.w.org\/{rel}","templated":true}]}}