{"id":213,"date":"2021-01-14T10:08:51","date_gmt":"2021-01-14T10:08:51","guid":{"rendered":"https:\/\/ludoklingnau.nexcon.ch\/?page_id=213"},"modified":"2024-03-03T13:53:07","modified_gmt":"2024-03-03T13:53:07","slug":"favoriten","status":"publish","type":"page","link":"https:\/\/ludo-klingnau.ch\/?page_id=213","title":{"rendered":"SPIELKATEGORIEN"},"content":{"rendered":"\n<div class=\"wp-block-columns is-layout-flex wp-container-core-columns-is-layout-1 wp-block-columns-is-layout-flex\">\n<div class=\"wp-block-column is-layout-flow wp-block-column-is-layout-flow\">\n<figure class=\"wp-block-embed is-type-video is-provider-youtube wp-block-embed-youtube wp-embed-aspect-16-9 wp-has-aspect-ratio\">\n<div><img loading=\"lazy\" decoding=\"async\" class=\"alignnone size-medium wp-image-1067\" src=\"https:\/\/ludo-klingnau.ch\/wp-content\/uploads\/2024\/03\/20210117_165705-169x300.jpg\" alt=\"\" width=\"169\" height=\"300\" \/><img loading=\"lazy\" decoding=\"async\" class=\"alignnone size-medium wp-image-1068\" src=\"https:\/\/ludo-klingnau.ch\/wp-content\/uploads\/2024\/03\/20221130_102148-300x194.jpg\" alt=\"\" width=\"300\" height=\"194\" srcset=\"https:\/\/ludo-klingnau.ch\/wp-content\/uploads\/2024\/03\/20221130_102148-300x194.jpg 300w, https:\/\/ludo-klingnau.ch\/wp-content\/uploads\/2024\/03\/20221130_102148-1024x661.jpg 1024w, https:\/\/ludo-klingnau.ch\/wp-content\/uploads\/2024\/03\/20221130_102148-768x496.jpg 768w, https:\/\/ludo-klingnau.ch\/wp-content\/uploads\/2024\/03\/20221130_102148-1536x991.jpg 1536w, https:\/\/ludo-klingnau.ch\/wp-content\/uploads\/2024\/03\/20221130_102148-2048x1322.jpg 2048w\" sizes=\"auto, (max-width: 300px) 100vw, 300px\" \/><img loading=\"lazy\" decoding=\"async\" class=\"alignnone wp-image-1069 size-medium\" src=\"https:\/\/ludo-klingnau.ch\/wp-content\/uploads\/2024\/03\/20210117_163305-scaled-e1709473729810-169x300.jpg\" alt=\"\" width=\"169\" height=\"300\" data-wp-editing=\"1\" \/><\/div>\n<div><strong>Gesellschaftsspiele<\/strong><br \/>Wir haben \u00fcber 500 Gesellschaftsspiele f\u00fcr jedes Alter und jede Gelegenheit.<\/div>\n<div>\u00a0<\/div>\n<\/figure>\n<figure class=\"wp-block-embed is-type-video is-provider-youtube wp-block-embed-youtube wp-embed-aspect-16-9 wp-has-aspect-ratio\">\n<div class=\"wp-block-embed__wrapper\">https:\/\/youtu.be\/L7RztSMqAdA<\/div>\n<figcaption><strong>Playmobil<\/strong><br \/>Wir haben 58 Playmobil -Welten zum ausleihen. Wodurch ihr einen abweslungsreichen Spielspass euren Kindern garantieren k\u00f6nnt.<\/figcaption>\n<\/figure>\n<\/div>\n\n\n\n<div class=\"wp-block-column is-layout-flow wp-block-column-is-layout-flow\">\n<figure class=\"wp-block-embed is-type-video is-provider-youtube wp-block-embed-youtube wp-embed-aspect-16-9 wp-has-aspect-ratio\">\n<div class=\"wp-block-embed__wrapper\">https:\/\/youtu.be\/1h2i6bjK7F8<\/div>\n<figcaption><strong>Fahrzeuge<\/strong><br \/>Wir haben 40 verschiedene Fahrzeuge zum ausleihen. Jeden Monat ein neues Fahrzeug f\u00fcr ihr Kind! Eure Ludothek Klingnau macht es m\u00f6glich.<\/figcaption>\n<\/figure>\n<\/div>\n<\/div>\n\n\n\n<figure class=\"wp-block-gallery has-nested-images columns-default is-cropped wp-block-gallery-1 is-layout-flex wp-block-gallery-is-layout-flex\">\n<figure class=\"wp-block-image\"><img decoding=\"async\" data-id=\"637\" class=\"wp-image-637\" src=\"https:\/\/www.ludo-klingnau.ch\/wp-content\/uploads\/2022\/02\/ceecb808-26d3-4c59-88c0-779eb759c24a-1.jpg\" alt=\"\" \/><\/figure>\n\n\n\n<figure class=\"wp-block-image\"><img decoding=\"async\" data-id=\"635\" class=\"wp-image-635\" src=\"https:\/\/www.ludo-klingnau.ch\/wp-content\/uploads\/2022\/02\/fb4dcc69-e94f-4e18-86dd-5fc851f21ee0-1.jpg\" alt=\"\" \/><\/figure>\n\n\n\n<figure class=\"wp-block-image\"><img decoding=\"async\" data-id=\"638\" class=\"wp-image-638\" src=\"https:\/\/www.ludo-klingnau.ch\/wp-content\/uploads\/2022\/02\/2a9ef7b5-7605-43d5-8460-2b68f4cb78fa-1.jpg\" alt=\"\" \/><\/figure>\n\n\n\n<figure class=\"wp-block-image\"><img decoding=\"async\" data-id=\"636\" class=\"wp-image-636\" src=\"https:\/\/www.ludo-klingnau.ch\/wp-content\/uploads\/2022\/02\/img_6997-scaled.jpg\" alt=\"\" \/><\/figure>\n\n\n\n<figure class=\"wp-block-image size-large\"><img decoding=\"async\" data-id=\"641\" class=\"wp-image-641\" src=\"https:\/\/www.ludo-klingnau.ch\/wp-content\/uploads\/2022\/02\/image-1024x369.jpg\" alt=\"\" \/><\/figure>\n\n\n\n<figure class=\"wp-block-image\"><img decoding=\"async\" data-id=\"640\" class=\"wp-image-640\" src=\"https:\/\/www.ludo-klingnau.ch\/wp-content\/uploads\/2022\/02\/img_6991-scaled.jpg\" alt=\"\" \/><\/figure>\n\n<figcaption class=\"blocks-gallery-caption\"><strong>Kleinkinder Spielzeuge<\/strong><\/figcaption>\n<\/figure>\n\n\n\n<p>Ein ganzer Raum voll mit Spielzeugen f\u00fcr die Kleinen bietet jederzeit Abwechslung ohne die Kinderzimmer mit eigenen Spielzeugen zu \u00fcberf\u00fcllen.<\/p>\n","protected":false},"excerpt":{"rendered":"<p>Ein ganzer Raum voll mit Spielzeugen f\u00fcr die Kleinen bietet jederzeit Abwechslung ohne die Kinderzimmer mit eigenen Spielzeugen zu \u00fcberf\u00fcllen.<\/p>\n","protected":false},"author":2,"featured_media":358,"parent":0,"menu_order":0,"comment_status":"closed","ping_status":"closed","template":"","meta":{"footnotes":""},"class_list":["post-213","page","type-page","status-publish","has-post-thumbnail","hentry"],"_links":{"self":[{"href":"https:\/\/ludo-klingnau.ch\/index.php?rest_route=\/wp\/v2\/pages\/213","targetHints":{"allow":["GET"]}}],"collection":[{"href":"https:\/\/ludo-klingnau.ch\/index.php?rest_route=\/wp\/v2\/pages"}],"about":[{"href":"https:\/\/ludo-klingnau.ch\/index.php?rest_route=\/wp\/v2\/types\/page"}],"author":[{"embeddable":true,"href":"https:\/\/ludo-klingnau.ch\/index.php?rest_route=\/wp\/v2\/users\/2"}],"replies":[{"embeddable":true,"href":"https:\/\/ludo-klingnau.ch\/index.php?rest_route=%2Fwp%2Fv2%2Fcomments&post=213"}],"version-history":[{"count":4,"href":"https:\/\/ludo-klingnau.ch\/index.php?rest_route=\/wp\/v2\/pages\/213\/revisions"}],"predecessor-version":[{"id":1066,"href":"https:\/\/ludo-klingnau.ch\/index.php?rest_route=\/wp\/v2\/pages\/213\/revisions\/1066"}],"wp:featuredmedia":[{"embeddable":true,"href":"https:\/\/ludo-klingnau.ch\/index.php?rest_route=\/"}],"wp:attachment":[{"href":"https:\/\/ludo-klingnau.ch\/index.php?rest_route=%2Fwp%2Fv2%2Fmedia&parent=213"}],"curies":[{"name":"wp","href":"https:\/\/api.w.org\/{rel}","templated":true}]}}